{"id":3119,"date":"2025-08-18T08:45:44","date_gmt":"2025-08-18T08:45:44","guid":{"rendered":"https:\/\/www.spauda123.lt\/?post_type=product&#038;p=3119"},"modified":"2025-08-18T08:48:30","modified_gmt":"2025-08-18T08:48:30","slug":"dzemperis-lituanica","status":"publish","type":"product","link":"https:\/\/www.spauda123.lt\/?product=dzemperis-lituanica","title":{"rendered":"D\u017eemperis &#8220;Lituanica&#8221;"},"content":{"rendered":"<div class=\"product-short-description\">\n<div class=\"text\">\n <strong>Prie\u017ei\u016bra<\/strong><br \/>\n\u2013 Skalbti neauk\u0161tesn\u0117je nei 40\u00b0C temperat\u016broje<br \/>\n\u2013 Nenaudoti balinkli\u0173<br \/>\n\u2013 Ned\u017eiovinti d\u017eiovykl\u0117je<br \/>\n\u2013 Lyginti neauk\u0161tesn\u0117je nei 150\u00b0C temperat\u016broje<br \/>\n\u2013 Nevalyti cheminiu valymu<br \/>\n\u2013 Nelyginti ant spaudos pavir\u0161iaus\n    <\/div>\n<style>\ntable {\n    font-size: 10px;\n}\n@media (max-width: 768px) {\n    table {\n        font-size: 5px;\n    }\n}\n<\/style>\n<div class=\"container\">\n<div class=\"row\">\n        <!-- Image Placeholder Column --><\/p>\n<div class=\"col-md-4 col-12 mb-3\">\n<div class=\"border p-3 text-center\">\n                <!-- Replace with the actual image URL --><br \/>\n                <img decoding=\"async\" src=\"https:\/\/www.spauda123.lt\/wp-content\/uploads\/2024\/10\/9859119.png\" class=\"img-fluid\" alt=\"Image Placeholder\">\n            <\/div>\n<\/p><\/div>\n<p>        <!-- Table Column --><\/p>\n<div class=\"col-md-8 col-12\">\n<table class=\"table table-bordered\">\n<caption class=\"text-center\">D\u017eemperio dyd\u017ei\u0173 i\u0161matavim\u0173 lentel\u0117.<\/caption>\n<thead>\n<tr>\n<th scope=\"col\">I\u0161matavimai<\/th>\n<th scope=\"col\">XS<\/th>\n<th scope=\"col\">S<\/th>\n<th scope=\"col\">M<\/th>\n<th scope=\"col\">L<\/th>\n<th scope=\"col\">XL<\/th>\n<th scope=\"col\">XXL<\/th>\n<\/tr>\n<\/thead>\n<tbody>\n<tr>\n<th scope=\"row\">Plotis<\/th>\n<td>49cm<\/td>\n<td>52cm<\/td>\n<td>55cm<\/td>\n<td>58cm<\/td>\n<td>61cm<\/td>\n<td>64cm<\/td>\n<\/tr>\n<tr>\n<th scope=\"row\">Ilgis*<\/th>\n<td>65cm<\/td>\n<td>67cm<\/td>\n<td>69cm<\/td>\n<td>71cm<\/td>\n<td>73cm<\/td>\n<td>75cm<\/td>\n<\/tr>\n<\/tbody>\n<\/table><\/div>\n<\/p><\/div>\n<\/div>\n","protected":false},"excerpt":{"rendered":"<div class=\"product-short-description\">\n<div class=\"text\">\n <strong>Informacija apie gamin\u012f<\/strong><br \/>\n\u2013 Unisex d\u017eemperis \u2013 300 g\/m\u00b2<br \/>\n\u2013 50% medviln\u0117s, 50% poliesterio<br \/>\n\u2013 \u0160ukuotas vidus<br \/>\n\u2013 Dvigubas dygsniavimas ant rankogali\u0173, apykakl\u0117s ir apatinio kra\u0161to<br \/>\n\u2013 Sutvirtinimo juostel\u0117 apykakl\u0117s viduje<br \/>\n\u2013 Audinys ant apykakl\u0117s, rankogali\u0173 ir apatin\u0117s dalies<br \/>\n\u2013 Kirpimas ir siuvimas<br \/>\n\u2013 Fermentinis apdorojimas\n    <\/div>\n<div class=\"text\">\n       Prek\u0117s i\u0161vaizda gali skirtis nuo pavaizduotos nuotraukoje\n    <\/div>\n<\/div>\n<div class=\"text\">\n <strong>Gamintojas:<\/strong> TH Clothes\n<\/div>\n<p> <img decoding=\"async\" src=\"https:\/\/www.spauda123.lt\/wp-content\/uploads\/2024\/12\/site2_-selos-texto.jpg\" alt=\"Description of Image\"><\/p>\n<div class=\"product-short-description\">\n<div class=\"stock-status\">\n<div class=\"icon\">\n            <!-- Example of a green icon --><br \/>\n            <img decoding=\"async\" src=\"https:\/\/www.spauda123.lt\/wp-content\/uploads\/2024\/10\/in_warehouse.png\" alt=\"In stock\">\n        <\/div>\n<div class=\"text\">\n            Turime sand\u0117lyje.\n        <\/div>\n<\/p><\/div>\n<div class=\"delivery-info\">\n<div class=\"delivery-icon\">\n            <!-- Delivery truck icon --><br \/>\n            <img decoding=\"async\" src=\"https:\/\/www.spauda123.lt\/wp-content\/uploads\/2024\/10\/delivery.png\" alt=\"Delivery\">\n        <\/div>\n<div class=\"text\">\n            <strong>Atsi\u0117mimas Kaune, adresu Taikos pr. 98, per 2 darbo dienas<\/strong><br \/>\n<br \/>\n <strong>I\u0161si\u0173sime per 2 darbo dienas<\/strong>\n        <\/div>\n<\/p><\/div>\n<div class=\"text\">\n<p>*Prek\u0117s i\u0161vaizda gali skirtis nuo pavaizduotos nuotraukoje<\/p>\n<\/p><\/div>\n<\/div>\n","protected":false},"featured_media":3125,"template":"","meta":{"_acf_changed":false},"product_brand":[],"product_cat":[46],"product_tag":[],"class_list":{"0":"post-3119","1":"product","2":"type-product","3":"status-publish","4":"has-post-thumbnail","6":"product_cat-dzemperiai","7":"pa_drabuzio_dydis-l","8":"pa_drabuzio_dydis-m","9":"pa_drabuzio_dydis-s","10":"pa_drabuzio_dydis-xl","11":"pa_drabuzio_dydis-xs","13":"entry","14":"has-media","16":"first","17":"instock","18":"shipping-taxable","19":"purchasable","20":"product-type-variable","21":"has-product-nav","22":"col","23":"span_1_of_3","24":"owp-content-center","25":"owp-thumbs-layout-horizontal","26":"owp-btn-normal","27":"owp-tabs-layout-vertical"},"acf":[],"_links":{"self":[{"href":"https:\/\/www.spauda123.lt\/index.php?rest_route=\/wp\/v2\/product\/3119","targetHints":{"allow":["GET"]}}],"collection":[{"href":"https:\/\/www.spauda123.lt\/index.php?rest_route=\/wp\/v2\/product"}],"about":[{"href":"https:\/\/www.spauda123.lt\/index.php?rest_route=\/wp\/v2\/types\/product"}],"wp:featuredmedia":[{"embeddable":true,"href":"https:\/\/www.spauda123.lt\/index.php?rest_route=\/wp\/v2\/media\/3125"}],"wp:attachment":[{"href":"https:\/\/www.spauda123.lt\/index.php?rest_route=%2Fwp%2Fv2%2Fmedia&parent=3119"}],"wp:term":[{"taxonomy":"product_brand","embeddable":true,"href":"https:\/\/www.spauda123.lt\/index.php?rest_route=%2Fwp%2Fv2%2Fproduct_brand&post=3119"},{"taxonomy":"product_cat","embeddable":true,"href":"https:\/\/www.spauda123.lt\/index.php?rest_route=%2Fwp%2Fv2%2Fproduct_cat&post=3119"},{"taxonomy":"product_tag","embeddable":true,"href":"https:\/\/www.spauda123.lt\/index.php?rest_route=%2Fwp%2Fv2%2Fproduct_tag&post=3119"}],"curies":[{"name":"wp","href":"https:\/\/api.w.org\/{rel}","templated":true}]}}