{"id":3109,"date":"2025-05-30T04:51:06","date_gmt":"2025-05-30T04:51:06","guid":{"rendered":"https:\/\/www.spauda123.lt\/?post_type=product&#038;p=3109"},"modified":"2025-05-30T04:51:06","modified_gmt":"2025-05-30T04:51:06","slug":"th-oversize","status":"publish","type":"product","link":"https:\/\/www.spauda123.lt\/?product=th-oversize","title":{"rendered":"TH Oversize"},"content":{"rendered":"","protected":false},"excerpt":{"rendered":"<p>Prie\u017ei\u016bra:<br \/>\nSkalbimas iki 30\u202f\u00b0C<br \/>\nNegalima balinti ar d\u017eiovinti d\u017eiovykl\u0117je<br \/>\nLyginimas iki 110\u202f\u00b0C<br \/>\nNerekomenduojamas sausas valymas<br \/>\nGamintojas: TH Clothes<\/p>\n","protected":false},"featured_media":3110,"template":"","meta":{"_acf_changed":false},"product_brand":[],"product_cat":[23],"product_tag":[],"class_list":{"0":"post-3109","1":"product","2":"type-product","3":"status-publish","4":"has-post-thumbnail","6":"product_cat-marskineliai","8":"entry","9":"has-media","11":"first","12":"instock","13":"shipping-taxable","14":"purchasable","15":"product-type-simple","16":"has-product-nav","17":"col","18":"span_1_of_3","19":"owp-content-center","20":"owp-thumbs-layout-horizontal","21":"owp-btn-normal","22":"owp-tabs-layout-vertical","23":"has-no-thumbnails"},"acf":[],"_links":{"self":[{"href":"https:\/\/www.spauda123.lt\/index.php?rest_route=\/wp\/v2\/product\/3109","targetHints":{"allow":["GET"]}}],"collection":[{"href":"https:\/\/www.spauda123.lt\/index.php?rest_route=\/wp\/v2\/product"}],"about":[{"href":"https:\/\/www.spauda123.lt\/index.php?rest_route=\/wp\/v2\/types\/product"}],"wp:featuredmedia":[{"embeddable":true,"href":"https:\/\/www.spauda123.lt\/index.php?rest_route=\/wp\/v2\/media\/3110"}],"wp:attachment":[{"href":"https:\/\/www.spauda123.lt\/index.php?rest_route=%2Fwp%2Fv2%2Fmedia&parent=3109"}],"wp:term":[{"taxonomy":"product_brand","embeddable":true,"href":"https:\/\/www.spauda123.lt\/index.php?rest_route=%2Fwp%2Fv2%2Fproduct_brand&post=3109"},{"taxonomy":"product_cat","embeddable":true,"href":"https:\/\/www.spauda123.lt\/index.php?rest_route=%2Fwp%2Fv2%2Fproduct_cat&post=3109"},{"taxonomy":"product_tag","embeddable":true,"href":"https:\/\/www.spauda123.lt\/index.php?rest_route=%2Fwp%2Fv2%2Fproduct_tag&post=3109"}],"curies":[{"name":"wp","href":"https:\/\/api.w.org\/{rel}","templated":true}]}}