{"id":2851,"date":"2024-12-17T09:07:56","date_gmt":"2024-12-17T09:07:56","guid":{"rendered":"https:\/\/www.spauda123.lt\/?post_type=product&#038;p=2851"},"modified":"2024-12-17T09:13:36","modified_gmt":"2024-12-17T09:13:36","slug":"polo-marskineliai-berlin","status":"publish","type":"product","link":"https:\/\/www.spauda123.lt\/?product=polo-marskineliai-berlin","title":{"rendered":"Polo mar\u0161kin\u0117liai &#8220;Berlin&#8221;"},"content":{"rendered":"","protected":false},"excerpt":{"rendered":"<div class=\"product-short-description\">\n<div class=\"text\">\n <strong>Informacija apie gamin\u012f<\/strong><br \/>\n\u2013 Vyri\u0161ki polo mar\u0161kin\u0117liai<br \/>\n\u2013 Med\u017eiagos tankis 200 g\/m\u00b2<br \/>\n\u2013 Sud\u0117tis 65% poliesteris, 35% medviln\u0117<br \/>\n\u2013 Galima skalbti auk\u0161toje 60\u00b0 temperat\u016broje\n    <\/div>\n<div class=\"text\">\n       Prek\u0117s i\u0161vaizda gali skirtis nuo pavaizduotos nuotraukoje\n    <\/div>\n<\/div>\n<div class=\"text\">\n <strong>Gamintojas:<\/strong> TH Clothes\n<\/div>\n<p> <img decoding=\"async\" src=\"https:\/\/www.spauda123.lt\/wp-content\/uploads\/2024\/12\/site2_-selos-texto.jpg\" alt=\"Description of Image\"><\/p>\n","protected":false},"featured_media":2853,"template":"","meta":{"_acf_changed":false},"product_brand":[],"product_cat":[74],"product_tag":[],"class_list":{"0":"post-2851","1":"product","2":"type-product","3":"status-publish","4":"has-post-thumbnail","6":"product_cat-vyriski-polo-marskineliai","7":"pa_drabuzio_dydis-l","8":"pa_drabuzio_dydis-m","9":"pa_drabuzio_dydis-s","10":"pa_drabuzio_dydis-xl","11":"pa_drabuzio_dydis-xs","12":"pa_spalva-balta","14":"entry","15":"has-media","17":"first","18":"instock","19":"shipping-taxable","20":"product-type-simple","21":"has-product-nav","22":"col","23":"span_1_of_3","24":"owp-content-center","25":"owp-thumbs-layout-horizontal","26":"owp-btn-normal","27":"owp-tabs-layout-vertical","28":"has-no-thumbnails"},"acf":[],"_links":{"self":[{"href":"https:\/\/www.spauda123.lt\/index.php?rest_route=\/wp\/v2\/product\/2851","targetHints":{"allow":["GET"]}}],"collection":[{"href":"https:\/\/www.spauda123.lt\/index.php?rest_route=\/wp\/v2\/product"}],"about":[{"href":"https:\/\/www.spauda123.lt\/index.php?rest_route=\/wp\/v2\/types\/product"}],"wp:featuredmedia":[{"embeddable":true,"href":"https:\/\/www.spauda123.lt\/index.php?rest_route=\/wp\/v2\/media\/2853"}],"wp:attachment":[{"href":"https:\/\/www.spauda123.lt\/index.php?rest_route=%2Fwp%2Fv2%2Fmedia&parent=2851"}],"wp:term":[{"taxonomy":"product_brand","embeddable":true,"href":"https:\/\/www.spauda123.lt\/index.php?rest_route=%2Fwp%2Fv2%2Fproduct_brand&post=2851"},{"taxonomy":"product_cat","embeddable":true,"href":"https:\/\/www.spauda123.lt\/index.php?rest_route=%2Fwp%2Fv2%2Fproduct_cat&post=2851"},{"taxonomy":"product_tag","embeddable":true,"href":"https:\/\/www.spauda123.lt\/index.php?rest_route=%2Fwp%2Fv2%2Fproduct_tag&post=2851"}],"curies":[{"name":"wp","href":"https:\/\/api.w.org\/{rel}","templated":true}]}}