{"id":239,"date":"2024-09-29T18:29:53","date_gmt":"2024-09-29T18:29:53","guid":{"rendered":"https:\/\/www.spauda123.lt\/?post_type=product&#038;p=239"},"modified":"2024-11-20T18:48:49","modified_gmt":"2024-11-20T18:48:49","slug":"knygos","status":"publish","type":"product","link":"https:\/\/www.spauda123.lt\/?product=knygos","title":{"rendered":"Medvilninis mai\u0161elis &#8220;Mylime kav\u0105 ir knygas&#8221;"},"content":{"rendered":"<p>Apra\u0161ymas<br \/>\nKrep\u0161ys ROLY HILL<br \/>\nUniversalus krep\u0161ys, 140 gr.<br \/>\nI\u0161matavimai: 37 x 41 cm, ranken\u0173 ilgis 70 cm<br \/>\n100% medviln\u0117<br \/>\nI\u0161matavimai:37cm x 41cm<\/p>\n","protected":false},"excerpt":{"rendered":"<div class=\"product-short-description\">\n<div class=\"stock-status\">\n<div class=\"icon\">\n            <!-- Example of a green icon --><br \/>\n            <img decoding=\"async\" src=\"https:\/\/www.spauda123.lt\/wp-content\/uploads\/2024\/10\/in_warehouse.png\" alt=\"In stock\">\n        <\/div>\n<div class=\"text\">\n            Turime sand\u0117lyje.\n        <\/div>\n<\/p><\/div>\n<div class=\"delivery-info\">\n<div class=\"delivery-icon\">\n            <!-- Delivery truck icon --><br \/>\n            <img decoding=\"async\" src=\"https:\/\/www.spauda123.lt\/wp-content\/uploads\/2024\/10\/delivery.png\" alt=\"Delivery\">\n        <\/div>\n<div class=\"text\">\n            <strong>Atsi\u0117mimas Kaune, adresu Taikos pr. 98, per 2 darbo dienas<\/strong><br \/>\n<br \/>\n <strong>I\u0161si\u0173sime per 2 darbo dienas<\/strong>\n        <\/div>\n<\/p><\/div>\n<div class=\"text\">\n<p>*Prek\u0117s i\u0161vaizda gali skirtis nuo pavaizduotos nuotraukoje<\/p>\n<\/p><\/div>\n<\/div>\n","protected":false},"featured_media":750,"template":"","meta":{"_acf_changed":false},"product_brand":[],"product_cat":[21],"product_tag":[],"class_list":{"0":"post-239","1":"product","2":"type-product","3":"status-publish","4":"has-post-thumbnail","6":"product_cat-tekstiliniai-maiseliai","7":"pa_spalva-smelio","8":"pa_spalva-geltona","10":"entry","11":"has-media","13":"first","14":"instock","15":"shipping-taxable","16":"purchasable","17":"product-type-simple","18":"has-product-nav","19":"col","20":"span_1_of_3","21":"owp-content-center","22":"owp-thumbs-layout-horizontal","23":"owp-btn-normal","24":"owp-tabs-layout-vertical","25":"has-no-thumbnails"},"acf":[],"_links":{"self":[{"href":"https:\/\/www.spauda123.lt\/index.php?rest_route=\/wp\/v2\/product\/239","targetHints":{"allow":["GET"]}}],"collection":[{"href":"https:\/\/www.spauda123.lt\/index.php?rest_route=\/wp\/v2\/product"}],"about":[{"href":"https:\/\/www.spauda123.lt\/index.php?rest_route=\/wp\/v2\/types\/product"}],"wp:featuredmedia":[{"embeddable":true,"href":"https:\/\/www.spauda123.lt\/index.php?rest_route=\/wp\/v2\/media\/750"}],"wp:attachment":[{"href":"https:\/\/www.spauda123.lt\/index.php?rest_route=%2Fwp%2Fv2%2Fmedia&parent=239"}],"wp:term":[{"taxonomy":"product_brand","embeddable":true,"href":"https:\/\/www.spauda123.lt\/index.php?rest_route=%2Fwp%2Fv2%2Fproduct_brand&post=239"},{"taxonomy":"product_cat","embeddable":true,"href":"https:\/\/www.spauda123.lt\/index.php?rest_route=%2Fwp%2Fv2%2Fproduct_cat&post=239"},{"taxonomy":"product_tag","embeddable":true,"href":"https:\/\/www.spauda123.lt\/index.php?rest_route=%2Fwp%2Fv2%2Fproduct_tag&post=239"}],"curies":[{"name":"wp","href":"https:\/\/api.w.org\/{rel}","templated":true}]}}