{"id":2246,"date":"2024-12-11T06:46:33","date_gmt":"2024-12-11T06:46:33","guid":{"rendered":"https:\/\/www.spauda123.lt\/?post_type=product&#038;p=2246"},"modified":"2024-12-12T07:08:29","modified_gmt":"2024-12-12T07:08:29","slug":"marskineliai-luanda-su-spauda","status":"publish","type":"product","link":"https:\/\/www.spauda123.lt\/?product=marskineliai-luanda-su-spauda","title":{"rendered":"Mar\u0161kin\u0117liai &#8220;Luanda&#8221;"},"content":{"rendered":"<p>Papildoma informacija ir dyd\u017ei\u0173 lentel\u0117:<\/p>\n<p>    <img decoding=\"async\" src=\"https:\/\/www.spauda123.lt\/wp-content\/uploads\/2024\/12\/resized_Luanda_en_page-0001.jpg\" alt=\"Description of Image\" width=\"1500\"><\/p>\n","protected":false},"excerpt":{"rendered":"<div class=\"product-short-description\">\n<div class=\"text\">\n <strong>Informacija apie gamin\u012f<\/strong><br \/>\n\u2013 Unisex mar\u0161kin\u0117liai \u2013 150 g\/m\u00b2<br \/>\n\u2013 100% medviln\u0117s<br \/>\n\u2013 Audinys apykaklei<br \/>\n\u2013 Dvigubas dygsniavimas ant rankovi\u0173 ir apatin\u0117s gaminio dalies<br \/>\n\u2013 Vamzdin\u0117 konstrukcija<br \/>\n\u2013 \u012eprastas kirpimas<br \/>\n\u2013 \u0160ukuotos medviln\u0117s si\u016blai<br \/>\n\u2013 Sutvirtinimo trikota\u017ein\u0117 juostel\u0117<br \/>\n\u2013 Fermentinis apdorojimas\n    <\/div>\n<div class=\"text\">\n       Prek\u0117s i\u0161vaizda gali skirtis nuo pavaizduotos nuotraukoje\n    <\/div>\n<\/div>\n<div class=\"text\">\n <strong>Gamintojas:<\/strong> TH Clothes\n<\/div>\n<p> <img decoding=\"async\" src=\"https:\/\/www.spauda123.lt\/wp-content\/uploads\/2024\/12\/site2_-selos-texto.jpg\" alt=\"Description of Image\"><\/p>\n","protected":false},"featured_media":2198,"template":"","meta":{"_acf_changed":false},"product_brand":[],"product_cat":[51,64,61],"product_tag":[],"class_list":{"0":"post-2246","1":"product","2":"type-product","3":"status-publish","4":"has-post-thumbnail","6":"product_cat-katalogas","7":"product_cat-universalus-marskineliai","8":"product_cat-vyriski-marskineliai","9":"pa_drabuzio_dydis-l","10":"pa_drabuzio_dydis-m","11":"pa_drabuzio_dydis-s","12":"pa_spalva-balta","13":"pa_spalva-sviesiai-melyna","14":"pa_spalva-tamsiai_melyna","15":"pa_spalva-juoda","16":"pa_spalva-geltona","18":"entry","19":"has-media","21":"first","22":"instock","23":"shipping-taxable","24":"product-type-simple","25":"has-product-nav","26":"col","27":"span_1_of_3","28":"owp-content-center","29":"owp-thumbs-layout-horizontal","30":"owp-btn-normal","31":"owp-tabs-layout-vertical"},"acf":[],"_links":{"self":[{"href":"https:\/\/www.spauda123.lt\/index.php?rest_route=\/wp\/v2\/product\/2246","targetHints":{"allow":["GET"]}}],"collection":[{"href":"https:\/\/www.spauda123.lt\/index.php?rest_route=\/wp\/v2\/product"}],"about":[{"href":"https:\/\/www.spauda123.lt\/index.php?rest_route=\/wp\/v2\/types\/product"}],"wp:featuredmedia":[{"embeddable":true,"href":"https:\/\/www.spauda123.lt\/index.php?rest_route=\/wp\/v2\/media\/2198"}],"wp:attachment":[{"href":"https:\/\/www.spauda123.lt\/index.php?rest_route=%2Fwp%2Fv2%2Fmedia&parent=2246"}],"wp:term":[{"taxonomy":"product_brand","embeddable":true,"href":"https:\/\/www.spauda123.lt\/index.php?rest_route=%2Fwp%2Fv2%2Fproduct_brand&post=2246"},{"taxonomy":"product_cat","embeddable":true,"href":"https:\/\/www.spauda123.lt\/index.php?rest_route=%2Fwp%2Fv2%2Fproduct_cat&post=2246"},{"taxonomy":"product_tag","embeddable":true,"href":"https:\/\/www.spauda123.lt\/index.php?rest_route=%2Fwp%2Fv2%2Fproduct_tag&post=2246"}],"curies":[{"name":"wp","href":"https:\/\/api.w.org\/{rel}","templated":true}]}}