{"id":221,"date":"2024-09-29T18:26:55","date_gmt":"2024-09-29T18:26:55","guid":{"rendered":"https:\/\/www.spauda123.lt\/?post_type=product&#038;p=221"},"modified":"2024-11-20T18:53:07","modified_gmt":"2024-11-20T18:53:07","slug":"earth","status":"publish","type":"product","link":"https:\/\/www.spauda123.lt\/?product=earth","title":{"rendered":"Medvilninis mai\u0161elis &#8220;Planeta \u017eem\u0117&#8221;"},"content":{"rendered":"","protected":false},"excerpt":{"rendered":"<div class=\"product-short-description\">\n<div class=\"stock-status\">\n<div class=\"icon\">\n            <!-- Example of a green icon --><br \/>\n            <img decoding=\"async\" src=\"https:\/\/www.spauda123.lt\/wp-content\/uploads\/2024\/10\/in_warehouse.png\" alt=\"In stock\">\n        <\/div>\n<div class=\"text\">\n            Turime sand\u0117lyje.\n        <\/div>\n<\/p><\/div>\n<div class=\"delivery-info\">\n<div class=\"delivery-icon\">\n            <!-- Delivery truck icon --><br \/>\n            <img decoding=\"async\" src=\"https:\/\/www.spauda123.lt\/wp-content\/uploads\/2024\/10\/delivery.png\" alt=\"Delivery\">\n        <\/div>\n<div class=\"text\">\n            <strong>Atsi\u0117mimas Kaune, adresu Taikos pr. 98, per 2 darbo dienas<\/strong><br \/>\n<br \/>\n <strong>I\u0161si\u0173sime per 2 darbo dienas<\/strong>\n        <\/div>\n<\/p><\/div>\n<div class=\"text\">\n<p>*Prek\u0117s i\u0161vaizda gali skirtis nuo pavaizduotos nuotraukoje<\/p>\n<\/p><\/div>\n<\/div>\n","protected":false},"featured_media":795,"template":"","meta":{"_acf_changed":false},"product_brand":[],"product_cat":[21],"product_tag":[],"class_list":{"0":"post-221","1":"product","2":"type-product","3":"status-publish","4":"has-post-thumbnail","6":"product_cat-tekstiliniai-maiseliai","7":"pa_spalva-smelio","8":"pa_spalva-juoda","9":"pa_spalva-geltona","11":"entry","12":"has-media","14":"first","15":"instock","16":"featured","17":"shipping-taxable","18":"purchasable","19":"product-type-simple","20":"has-product-nav","21":"col","22":"span_1_of_3","23":"owp-content-center","24":"owp-thumbs-layout-horizontal","25":"owp-btn-normal","26":"owp-tabs-layout-vertical","27":"has-no-thumbnails"},"acf":[],"_links":{"self":[{"href":"https:\/\/www.spauda123.lt\/index.php?rest_route=\/wp\/v2\/product\/221","targetHints":{"allow":["GET"]}}],"collection":[{"href":"https:\/\/www.spauda123.lt\/index.php?rest_route=\/wp\/v2\/product"}],"about":[{"href":"https:\/\/www.spauda123.lt\/index.php?rest_route=\/wp\/v2\/types\/product"}],"wp:featuredmedia":[{"embeddable":true,"href":"https:\/\/www.spauda123.lt\/index.php?rest_route=\/wp\/v2\/media\/795"}],"wp:attachment":[{"href":"https:\/\/www.spauda123.lt\/index.php?rest_route=%2Fwp%2Fv2%2Fmedia&parent=221"}],"wp:term":[{"taxonomy":"product_brand","embeddable":true,"href":"https:\/\/www.spauda123.lt\/index.php?rest_route=%2Fwp%2Fv2%2Fproduct_brand&post=221"},{"taxonomy":"product_cat","embeddable":true,"href":"https:\/\/www.spauda123.lt\/index.php?rest_route=%2Fwp%2Fv2%2Fproduct_cat&post=221"},{"taxonomy":"product_tag","embeddable":true,"href":"https:\/\/www.spauda123.lt\/index.php?rest_route=%2Fwp%2Fv2%2Fproduct_tag&post=221"}],"curies":[{"name":"wp","href":"https:\/\/api.w.org\/{rel}","templated":true}]}}