{"id":1970,"date":"2024-12-09T20:35:21","date_gmt":"2024-12-09T20:35:21","guid":{"rendered":"https:\/\/www.spauda123.lt\/?post_type=product&#038;p=1970"},"modified":"2024-12-12T07:09:00","modified_gmt":"2024-12-12T07:09:00","slug":"bc-e190-woman","status":"publish","type":"product","link":"https:\/\/www.spauda123.lt\/?product=bc-e190-woman","title":{"rendered":"Mar\u0161kin\u0117liai &#8220;B&#038;C E#190 Woman&#8221;"},"content":{"rendered":"<p>Papildoma informacija ir dyd\u017ei\u0173 lentel\u0117:<\/p>\n<p>    <img decoding=\"async\" src=\"https:\/\/www.spauda123.lt\/wp-content\/uploads\/2024\/12\/resized_e190w_BC_TECHNICALSHEET_EN_page-0001.jpg\" alt=\"Description of Image\" width=\"1500\"><\/p>\n","protected":false},"excerpt":{"rendered":"<div class=\"product-short-description\">\n<div class=\"text\">\n <strong>Informacija apie gamin\u012f<\/strong><br \/>\n\u2013 Moteri\u0161ki mar\u0161kin\u0117liai<br \/>\n\u2013 Be \u0161onini\u0173 si\u016bli\u0173, trumpomis rankov\u0117mis<br \/>\n\u2013 190 g\/m\u00b2 viengubas trikota\u017eas\n    <\/div>\n<div class=\"text\">\n       Prek\u0117s i\u0161vaizda gali skirtis nuo pavaizduotos nuotraukoje\n    <\/div>\n<\/div>\n<div class=\"text\">\n <strong>Gamintojas:<\/strong> B&#038;C\n<\/div>\n","protected":false},"featured_media":2324,"template":"","meta":{"_acf_changed":false},"product_brand":[],"product_cat":[51,62],"product_tag":[],"class_list":{"0":"post-1970","1":"product","2":"type-product","3":"status-publish","4":"has-post-thumbnail","6":"product_cat-katalogas","7":"product_cat-moteriski-marskineliai","8":"pa_drabuzio_dydis-l","9":"pa_drabuzio_dydis-m","10":"pa_drabuzio_dydis-s","11":"pa_drabuzio_dydis-xl","12":"pa_drabuzio_dydis-xs","13":"pa_spalva-pilka","14":"pa_spalva-juoda","15":"pa_spalva-zalia","17":"entry","18":"has-media","20":"first","21":"instock","22":"shipping-taxable","23":"product-type-simple","24":"has-product-nav","25":"col","26":"span_1_of_3","27":"owp-content-center","28":"owp-thumbs-layout-horizontal","29":"owp-btn-normal","30":"owp-tabs-layout-vertical"},"acf":[],"_links":{"self":[{"href":"https:\/\/www.spauda123.lt\/index.php?rest_route=\/wp\/v2\/product\/1970","targetHints":{"allow":["GET"]}}],"collection":[{"href":"https:\/\/www.spauda123.lt\/index.php?rest_route=\/wp\/v2\/product"}],"about":[{"href":"https:\/\/www.spauda123.lt\/index.php?rest_route=\/wp\/v2\/types\/product"}],"wp:featuredmedia":[{"embeddable":true,"href":"https:\/\/www.spauda123.lt\/index.php?rest_route=\/wp\/v2\/media\/2324"}],"wp:attachment":[{"href":"https:\/\/www.spauda123.lt\/index.php?rest_route=%2Fwp%2Fv2%2Fmedia&parent=1970"}],"wp:term":[{"taxonomy":"product_brand","embeddable":true,"href":"https:\/\/www.spauda123.lt\/index.php?rest_route=%2Fwp%2Fv2%2Fproduct_brand&post=1970"},{"taxonomy":"product_cat","embeddable":true,"href":"https:\/\/www.spauda123.lt\/index.php?rest_route=%2Fwp%2Fv2%2Fproduct_cat&post=1970"},{"taxonomy":"product_tag","embeddable":true,"href":"https:\/\/www.spauda123.lt\/index.php?rest_route=%2Fwp%2Fv2%2Fproduct_tag&post=1970"}],"curies":[{"name":"wp","href":"https:\/\/api.w.org\/{rel}","templated":true}]}}