{"id":1732,"date":"2024-12-09T20:14:00","date_gmt":"2024-12-09T20:14:00","guid":{"rendered":"https:\/\/www.spauda123.lt\/?post_type=product&#038;p=1732"},"modified":"2024-12-12T07:09:29","modified_gmt":"2024-12-12T07:09:29","slug":"move","status":"publish","type":"product","link":"https:\/\/www.spauda123.lt\/?product=move","title":{"rendered":"Mar\u0161kin\u0117liai &#8220;Move&#8221;"},"content":{"rendered":"<p>Papildoma informacija ir dyd\u017ei\u0173 lentel\u0117:<\/p>\n<p>    <img decoding=\"async\" src=\"https:\/\/www.spauda123.lt\/wp-content\/uploads\/2024\/12\/resized_Move_en_2_page-0001.jpg\" alt=\"Description of Image\" width=\"1500\"><\/p>\n","protected":false},"excerpt":{"rendered":"<div class=\"product-short-description\">\n<div class=\"text\">\n <strong>Informacija apie gamin\u012f<\/strong><br \/>\n\u2013 Sportiniai mar\u0161kin\u0117liai \u2013 150 g\/m\u00b2<br \/>\n\u2013 Piqu\u00e9 tinklelis, 100% poliesterio<br \/>\n\u2013 Su raglano rankov\u0117mis<br \/>\n\u2013 Kv\u0117puojantys<br \/>\n\u2013 Piqu\u00e9 audinio apykakl\u0117s si\u016bli\u0173 juostel\u0117<br \/>\n\u2013 Dvigubas dygsniavimas ant rankovi\u0173 ir apatin\u0117s gaminio dalies<br \/>\n\u2013 \u012eprastas kirpimas<br \/>\n\u2013 Kirpimas ir siuvimas<br \/>\n\u2013 Apvali apykakl\u0117\n    <\/div>\n<div class=\"text\">\n       Prek\u0117s i\u0161vaizda gali skirtis nuo pavaizduotos nuotraukoje\n    <\/div>\n<\/div>\n<div class=\"text\">\n <strong>Gamintojas:<\/strong> TH Clothes\n<\/div>\n<p> <img decoding=\"async\" src=\"https:\/\/www.spauda123.lt\/wp-content\/uploads\/2024\/12\/site2_-selos-texto.jpg\" alt=\"Description of Image\"><\/p>\n","protected":false},"featured_media":2329,"template":"","meta":{"_acf_changed":false},"product_brand":[],"product_cat":[51,64],"product_tag":[],"class_list":{"0":"post-1732","1":"product","2":"type-product","3":"status-publish","4":"has-post-thumbnail","6":"product_cat-katalogas","7":"product_cat-universalus-marskineliai","8":"pa_drabuzio_dydis-l","9":"pa_drabuzio_dydis-m","10":"pa_drabuzio_dydis-s","11":"pa_drabuzio_dydis-xl","12":"pa_drabuzio_dydis-xs","13":"pa_spalva-balta","15":"entry","16":"has-media","18":"first","19":"instock","20":"shipping-taxable","21":"product-type-simple","22":"has-product-nav","23":"col","24":"span_1_of_3","25":"owp-content-center","26":"owp-thumbs-layout-horizontal","27":"owp-btn-normal","28":"owp-tabs-layout-vertical","29":"has-no-thumbnails"},"acf":[],"_links":{"self":[{"href":"https:\/\/www.spauda123.lt\/index.php?rest_route=\/wp\/v2\/product\/1732","targetHints":{"allow":["GET"]}}],"collection":[{"href":"https:\/\/www.spauda123.lt\/index.php?rest_route=\/wp\/v2\/product"}],"about":[{"href":"https:\/\/www.spauda123.lt\/index.php?rest_route=\/wp\/v2\/types\/product"}],"wp:featuredmedia":[{"embeddable":true,"href":"https:\/\/www.spauda123.lt\/index.php?rest_route=\/wp\/v2\/media\/2329"}],"wp:attachment":[{"href":"https:\/\/www.spauda123.lt\/index.php?rest_route=%2Fwp%2Fv2%2Fmedia&parent=1732"}],"wp:term":[{"taxonomy":"product_brand","embeddable":true,"href":"https:\/\/www.spauda123.lt\/index.php?rest_route=%2Fwp%2Fv2%2Fproduct_brand&post=1732"},{"taxonomy":"product_cat","embeddable":true,"href":"https:\/\/www.spauda123.lt\/index.php?rest_route=%2Fwp%2Fv2%2Fproduct_cat&post=1732"},{"taxonomy":"product_tag","embeddable":true,"href":"https:\/\/www.spauda123.lt\/index.php?rest_route=%2Fwp%2Fv2%2Fproduct_tag&post=1732"}],"curies":[{"name":"wp","href":"https:\/\/api.w.org\/{rel}","templated":true}]}}