{"id":1632,"date":"2024-12-09T20:09:04","date_gmt":"2024-12-09T20:09:04","guid":{"rendered":"https:\/\/www.spauda123.lt\/?post_type=product&#038;p=1632"},"modified":"2024-12-12T07:09:48","modified_gmt":"2024-12-12T07:09:48","slug":"quito","status":"publish","type":"product","link":"https:\/\/www.spauda123.lt\/?product=quito","title":{"rendered":"Vaiki\u0161ki mar\u0161kin\u0117liai &#8220;Quito&#8221;"},"content":{"rendered":"<p>Papildoma informacija ir dyd\u017ei\u0173 lentel\u0117:<\/p>\n<p>    <img decoding=\"async\" src=\"https:\/\/www.spauda123.lt\/wp-content\/uploads\/2024\/12\/resized_Quito_en_5_page-0001.jpg\" alt=\"Description of Image\" width=\"1500\"><\/p>\n","protected":false},"excerpt":{"rendered":"<div class=\"product-short-description\">\n<div class=\"text\">\n <strong>Informacija apie gamin\u012f<\/strong><br \/>\n\u2013Vaiki\u0161ki unisex mar\u0161kin\u0117liai \u2013 150 g\/m\u00b2<br \/>\n\u2013 100% medviln\u0117s<br \/>\n\u2013 Audinys apykaklei ir sutvirtinimo juostel\u0117 i\u0161 trikota\u017eo<br \/>\n\u2013 Dvigubas dygsniavimas ant rankovi\u0173 ir apatinio kra\u0161to<br \/>\n\u2013 Kirpimas ir siuvimas<br \/>\n\u2013 \u0160ukuotos medviln\u0117s si\u016blai<br \/>\n\u2013 Fermentinis apdorojimas\n    <\/div>\n<div class=\"text\">\n       Prek\u0117s i\u0161vaizda gali skirtis nuo pavaizduotos nuotraukoje\n    <\/div>\n<\/div>\n<div class=\"text\">\n <strong>Gamintojas:<\/strong> TH Clothes\n<\/div>\n<p> <img decoding=\"async\" src=\"https:\/\/www.spauda123.lt\/wp-content\/uploads\/2024\/12\/site2_-selos-texto.jpg\" alt=\"Description of Image\"><\/p>\n","protected":false},"featured_media":2312,"template":"","meta":{"_acf_changed":false},"product_brand":[],"product_cat":[51,63],"product_tag":[],"class_list":{"0":"post-1632","1":"product","2":"type-product","3":"status-publish","4":"has-post-thumbnail","6":"product_cat-katalogas","7":"product_cat-vaikiski-marskineliai","8":"pa_spalva-balta","9":"pa_spalva-oranzine","10":"pa_spalva-raudona","11":"pa_spalva-sviesiai-melyna","12":"pa_spalva-tamsiai_melyna","13":"pa_spalva-juoda","14":"pa_spalva-geltona","15":"pa_spalva-zalia","17":"entry","18":"has-media","20":"first","21":"instock","22":"shipping-taxable","23":"product-type-simple","24":"has-product-nav","25":"col","26":"span_1_of_3","27":"owp-content-center","28":"owp-thumbs-layout-horizontal","29":"owp-btn-normal","30":"owp-tabs-layout-vertical"},"acf":[],"_links":{"self":[{"href":"https:\/\/www.spauda123.lt\/index.php?rest_route=\/wp\/v2\/product\/1632","targetHints":{"allow":["GET"]}}],"collection":[{"href":"https:\/\/www.spauda123.lt\/index.php?rest_route=\/wp\/v2\/product"}],"about":[{"href":"https:\/\/www.spauda123.lt\/index.php?rest_route=\/wp\/v2\/types\/product"}],"wp:featuredmedia":[{"embeddable":true,"href":"https:\/\/www.spauda123.lt\/index.php?rest_route=\/wp\/v2\/media\/2312"}],"wp:attachment":[{"href":"https:\/\/www.spauda123.lt\/index.php?rest_route=%2Fwp%2Fv2%2Fmedia&parent=1632"}],"wp:term":[{"taxonomy":"product_brand","embeddable":true,"href":"https:\/\/www.spauda123.lt\/index.php?rest_route=%2Fwp%2Fv2%2Fproduct_brand&post=1632"},{"taxonomy":"product_cat","embeddable":true,"href":"https:\/\/www.spauda123.lt\/index.php?rest_route=%2Fwp%2Fv2%2Fproduct_cat&post=1632"},{"taxonomy":"product_tag","embeddable":true,"href":"https:\/\/www.spauda123.lt\/index.php?rest_route=%2Fwp%2Fv2%2Fproduct_tag&post=1632"}],"curies":[{"name":"wp","href":"https:\/\/api.w.org\/{rel}","templated":true}]}}