{"id":1479,"date":"2024-12-09T19:24:50","date_gmt":"2024-12-09T19:24:50","guid":{"rendered":"https:\/\/www.spauda123.lt\/?post_type=product&#038;p=1479"},"modified":"2025-02-18T12:51:03","modified_gmt":"2025-02-18T12:51:03","slug":"ankara","status":"publish","type":"product","link":"https:\/\/www.spauda123.lt\/?product=ankara","title":{"rendered":"Mar\u0161kin\u0117liai &#8220;Ankara&#8221;"},"content":{"rendered":"<p>Papildoma informacija ir dyd\u017ei\u0173 lentel\u0117:<\/p>\n<p>    <img decoding=\"async\" src=\"https:\/\/www.spauda123.lt\/wp-content\/uploads\/2024\/12\/resized_Ankara_tech.jpg\" alt=\"Description of Image\" width=\"1500\"><\/p>\n","protected":false},"excerpt":{"rendered":"<div class=\"product-short-description\">\n<div class=\"text\">\n <strong>Informacija apie gamin\u012f<\/strong><br \/>\n\u2013 Universal\u016bs mar\u0161kin\u0117liai &#8211; 190 g\/m\u00b2<br \/>\n\u2013 100% medviln\u0117<br \/>\n\u2013 Dvigubas siuvimas rankov\u0117se ir apa\u010dioje<br \/>\n\u2013 Be si\u016bli\u0173 \u0161onuose (vamzdin\u0117 konstrukcija)<br \/>\n\u2013 \u012eprastas kirpimas<br \/>\n\u2013 \u0160ukuota medviln\u0117s verpalai<br \/>\n\u2013 Apdorota fermentais\n    <\/div>\n<div class=\"text\">\n       Prek\u0117s i\u0161vaizda gali skirtis nuo pavaizduotos nuotraukoje\n    <\/div>\n<\/div>\n<div class=\"text\">\n <strong>Gamintojas:<\/strong> TH Clothes\n<\/div>\n<p> <img decoding=\"async\" src=\"https:\/\/www.spauda123.lt\/wp-content\/uploads\/2024\/12\/site2_-selos-texto.jpg\" alt=\"Description of Image\"><\/p>\n","protected":false},"featured_media":2106,"template":"","meta":{"_acf_changed":false},"product_brand":[],"product_cat":[51,64,61],"product_tag":[],"class_list":{"0":"post-1479","1":"product","2":"type-product","3":"status-publish","4":"has-post-thumbnail","6":"product_cat-katalogas","7":"product_cat-universalus-marskineliai","8":"product_cat-vyriski-marskineliai","9":"pa_drabuzio_dydis-l","10":"pa_drabuzio_dydis-m","11":"pa_drabuzio_dydis-s","12":"pa_spalva-balta","13":"pa_spalva-oranzine","14":"pa_spalva-pilka","15":"pa_spalva-raudona","16":"pa_spalva-sviesiai-melyna","17":"pa_spalva-tamsiai_melyna","18":"pa_spalva-juoda","19":"pa_spalva-geltona","20":"pa_spalva-zalia","22":"entry","23":"has-media","25":"first","26":"instock","27":"shipping-taxable","28":"product-type-simple","29":"has-product-nav","30":"col","31":"span_1_of_3","32":"owp-content-center","33":"owp-thumbs-layout-horizontal","34":"owp-btn-normal","35":"owp-tabs-layout-vertical"},"acf":[],"_links":{"self":[{"href":"https:\/\/www.spauda123.lt\/index.php?rest_route=\/wp\/v2\/product\/1479","targetHints":{"allow":["GET"]}}],"collection":[{"href":"https:\/\/www.spauda123.lt\/index.php?rest_route=\/wp\/v2\/product"}],"about":[{"href":"https:\/\/www.spauda123.lt\/index.php?rest_route=\/wp\/v2\/types\/product"}],"wp:featuredmedia":[{"embeddable":true,"href":"https:\/\/www.spauda123.lt\/index.php?rest_route=\/wp\/v2\/media\/2106"}],"wp:attachment":[{"href":"https:\/\/www.spauda123.lt\/index.php?rest_route=%2Fwp%2Fv2%2Fmedia&parent=1479"}],"wp:term":[{"taxonomy":"product_brand","embeddable":true,"href":"https:\/\/www.spauda123.lt\/index.php?rest_route=%2Fwp%2Fv2%2Fproduct_brand&post=1479"},{"taxonomy":"product_cat","embeddable":true,"href":"https:\/\/www.spauda123.lt\/index.php?rest_route=%2Fwp%2Fv2%2Fproduct_cat&post=1479"},{"taxonomy":"product_tag","embeddable":true,"href":"https:\/\/www.spauda123.lt\/index.php?rest_route=%2Fwp%2Fv2%2Fproduct_tag&post=1479"}],"curies":[{"name":"wp","href":"https:\/\/api.w.org\/{rel}","templated":true}]}}