{"id":1324,"date":"2024-12-08T11:23:13","date_gmt":"2024-12-08T11:23:13","guid":{"rendered":"https:\/\/www.spauda123.lt\/?post_type=product&#038;p=1324"},"modified":"2024-12-12T07:37:32","modified_gmt":"2024-12-12T07:37:32","slug":"amsterdam","status":"publish","type":"product","link":"https:\/\/www.spauda123.lt\/?product=amsterdam","title":{"rendered":"D\u017eemperis &#8220;Amsterdam&#8221;"},"content":{"rendered":"<p>Papildoma informacija ir dyd\u017ei\u0173 lentel\u0117:<\/p>\n<p>    <img decoding=\"async\" src=\"https:\/\/www.spauda123.lt\/wp-content\/uploads\/2024\/12\/Amsterdam_en.png\" alt=\"Description of Image\" width=\"1500\"><\/p>\n","protected":false},"excerpt":{"rendered":"<div class=\"product-short-description\">\n<div class=\"text\">\n <strong>Informacija apie gamin\u012f<\/strong><br \/>\n\u2013 U\u017esegamas d\u017eemperis su gobtuvu &#8211; 320 g\/m\u00b2<br \/>\n\u2013 50% medviln\u0117s, 50% poliesterio<br \/>\n\u2013 Gobtuvas su pamu\u0161alu ir rai\u0161teliu<br \/>\n\u2013 \u0160ukuotas vidus<br \/>\n\u2013 2 \u0161onin\u0117s ki\u0161en\u0117s<br \/>\n\u2013 \u012esi\u016btas u\u017etrauktukas su slankikliu ir ranken\u0117le<br \/>\n\u2013 Rankogaliai ir apatin\u0117 dalis i\u0161 1&#215;1 \u0161onkaulinio audinio<br \/>\n\u2013 Kirpimas ir siuvimas<br \/>\n\u2013 Fermentinis apdorojimas\n    <\/div>\n<div class=\"text\">\n       Prek\u0117s i\u0161vaizda gali skirtis nuo pavaizduotos nuotraukoje\n    <\/div>\n<\/div>\n<div class=\"text\">\n <strong>Gamintojas:<\/strong> TH Clothes\n<\/div>\n<p> <img decoding=\"async\" src=\"https:\/\/www.spauda123.lt\/wp-content\/uploads\/2024\/12\/site2_-selos-texto.jpg\" alt=\"Description of Image\"><\/p>\n","protected":false},"featured_media":2296,"template":"","meta":{"_acf_changed":false},"product_brand":[],"product_cat":[51,52],"product_tag":[],"class_list":{"0":"post-1324","1":"product","2":"type-product","3":"status-publish","4":"has-post-thumbnail","6":"product_cat-katalogas","7":"product_cat-vyriski-dzemperiai","8":"pa_drabuzio_dydis-l","9":"pa_drabuzio_dydis-m","10":"pa_drabuzio_dydis-s","11":"pa_drabuzio_dydis-xl","12":"pa_drabuzio_dydis-xs","13":"pa_spalva-pilka","14":"pa_spalva-tamsiai_melyna","15":"pa_spalva-juoda","17":"entry","18":"has-media","20":"first","21":"instock","22":"shipping-taxable","23":"product-type-simple","24":"has-product-nav","25":"col","26":"span_1_of_3","27":"owp-content-center","28":"owp-thumbs-layout-horizontal","29":"owp-btn-normal","30":"owp-tabs-layout-vertical"},"acf":[],"_links":{"self":[{"href":"https:\/\/www.spauda123.lt\/index.php?rest_route=\/wp\/v2\/product\/1324","targetHints":{"allow":["GET"]}}],"collection":[{"href":"https:\/\/www.spauda123.lt\/index.php?rest_route=\/wp\/v2\/product"}],"about":[{"href":"https:\/\/www.spauda123.lt\/index.php?rest_route=\/wp\/v2\/types\/product"}],"wp:featuredmedia":[{"embeddable":true,"href":"https:\/\/www.spauda123.lt\/index.php?rest_route=\/wp\/v2\/media\/2296"}],"wp:attachment":[{"href":"https:\/\/www.spauda123.lt\/index.php?rest_route=%2Fwp%2Fv2%2Fmedia&parent=1324"}],"wp:term":[{"taxonomy":"product_brand","embeddable":true,"href":"https:\/\/www.spauda123.lt\/index.php?rest_route=%2Fwp%2Fv2%2Fproduct_brand&post=1324"},{"taxonomy":"product_cat","embeddable":true,"href":"https:\/\/www.spauda123.lt\/index.php?rest_route=%2Fwp%2Fv2%2Fproduct_cat&post=1324"},{"taxonomy":"product_tag","embeddable":true,"href":"https:\/\/www.spauda123.lt\/index.php?rest_route=%2Fwp%2Fv2%2Fproduct_tag&post=1324"}],"curies":[{"name":"wp","href":"https:\/\/api.w.org\/{rel}","templated":true}]}}