{"id":1234,"date":"2024-11-19T08:49:14","date_gmt":"2024-11-19T08:49:14","guid":{"rendered":"https:\/\/www.spauda123.lt\/?post_type=product&#038;p=1234"},"modified":"2024-11-19T08:49:50","modified_gmt":"2024-11-19T08:49:50","slug":"medvilninis-maiselis-tekanti-saule","status":"publish","type":"product","link":"https:\/\/www.spauda123.lt\/?product=medvilninis-maiselis-tekanti-saule","title":{"rendered":"Medvilninis mai\u0161elis &#8220;Tekanti saul\u0117&#8221;"},"content":{"rendered":"<p>Krep\u0161ys ROLY HILL<br \/>\nUniversalus krep\u0161ys, 140 gr.<br \/>\nI\u0161matavimai: 37 x 41 cm, ranken\u0173 ilgis 70 cm<br \/>\n100% medviln\u0117<br \/>\nI\u0161matavimai:37cm x 41cm<\/p>\n","protected":false},"excerpt":{"rendered":"<div class=\"product-short-description\">\n<div class=\"stock-status\">\n<div class=\"icon\">\n            <!-- Example of a green icon --><br \/>\n            <img decoding=\"async\" src=\"https:\/\/www.spauda123.lt\/wp-content\/uploads\/2024\/10\/in_warehouse.png\" alt=\"In stock\">\n        <\/div>\n<div class=\"text\">\n            Turime sand\u0117lyje.\n        <\/div>\n<\/p><\/div>\n<div class=\"delivery-info\">\n<div class=\"delivery-icon\">\n            <!-- Delivery truck icon --><br \/>\n            <img decoding=\"async\" src=\"https:\/\/www.spauda123.lt\/wp-content\/uploads\/2024\/10\/delivery.png\" alt=\"Delivery\">\n        <\/div>\n<div class=\"text\">\n            <strong>Atsi\u0117mimas Kaune, adresu Taikos pr. 98, per 2 darbo dienas<\/strong><br \/>\n<br \/>\n <strong>I\u0161si\u0173sime per 2 darbo dienas<\/strong>\n        <\/div>\n<\/p><\/div>\n<div class=\"text\">\n<p>*Prek\u0117s i\u0161vaizda gali skirtis nuo pavaizduotos nuotraukoje<\/p>\n<\/p><\/div>\n<\/div>\n","protected":false},"featured_media":1223,"template":"","meta":{"_acf_changed":false},"product_brand":[],"product_cat":[21],"product_tag":[],"class_list":{"0":"post-1234","1":"product","2":"type-product","3":"status-publish","4":"has-post-thumbnail","6":"product_cat-tekstiliniai-maiseliai","8":"entry","9":"has-media","11":"first","12":"instock","13":"featured","14":"shipping-taxable","15":"purchasable","16":"product-type-simple","17":"has-product-nav","18":"col","19":"span_1_of_3","20":"owp-content-center","21":"owp-thumbs-layout-horizontal","22":"owp-btn-normal","23":"owp-tabs-layout-vertical","24":"has-no-thumbnails"},"acf":[],"_links":{"self":[{"href":"https:\/\/www.spauda123.lt\/index.php?rest_route=\/wp\/v2\/product\/1234","targetHints":{"allow":["GET"]}}],"collection":[{"href":"https:\/\/www.spauda123.lt\/index.php?rest_route=\/wp\/v2\/product"}],"about":[{"href":"https:\/\/www.spauda123.lt\/index.php?rest_route=\/wp\/v2\/types\/product"}],"wp:featuredmedia":[{"embeddable":true,"href":"https:\/\/www.spauda123.lt\/index.php?rest_route=\/wp\/v2\/media\/1223"}],"wp:attachment":[{"href":"https:\/\/www.spauda123.lt\/index.php?rest_route=%2Fwp%2Fv2%2Fmedia&parent=1234"}],"wp:term":[{"taxonomy":"product_brand","embeddable":true,"href":"https:\/\/www.spauda123.lt\/index.php?rest_route=%2Fwp%2Fv2%2Fproduct_brand&post=1234"},{"taxonomy":"product_cat","embeddable":true,"href":"https:\/\/www.spauda123.lt\/index.php?rest_route=%2Fwp%2Fv2%2Fproduct_cat&post=1234"},{"taxonomy":"product_tag","embeddable":true,"href":"https:\/\/www.spauda123.lt\/index.php?rest_route=%2Fwp%2Fv2%2Fproduct_tag&post=1234"}],"curies":[{"name":"wp","href":"https:\/\/api.w.org\/{rel}","templated":true}]}}