{"id":677,"date":"2024-10-08T05:28:54","date_gmt":"2024-10-08T05:28:54","guid":{"rendered":"https:\/\/www.spauda123.lt\/?page_id=677"},"modified":"2024-10-08T05:28:54","modified_gmt":"2024-10-08T05:28:54","slug":"taisykles-ir-salygos","status":"publish","type":"page","link":"https:\/\/www.spauda123.lt\/?page_id=677","title":{"rendered":"Taisykl\u0117s ir s\u0105lygos"},"content":{"rendered":"<p>Taisykl\u0117s ir s\u0105lygos<br \/>\n1. U\u017esakym\u0173 pri\u0117mimas<br \/>\nU\u017esakymai \u0161ioje svetain\u0117je, tarp MB Spauda 123 (toliau \u2013 Paslaug\u0173 teik\u0117jas) ir U\u017esakovo yra priimami vadovaujantis \u0161iomis taisykl\u0117mis. U\u017esakovo atsakomyb\u0117 yra perskaityti \u0161ias taisykles ir s\u0105lygas prie\u0161 darant bet kokias transakcijas.<br \/>\n2. I\u0161skirtinumas<br \/>\n\u0160ios Paslaug\u0173 teik\u0117jo taisykl\u0117s galioja visais su paslaug\u0173 teikimu susijusias atvejais, nebent tarp U\u017esakovo ir Paslaug\u0173 teik\u0117jo sudaromas atskiras susitarimas<br \/>\n3. Variacijos<br \/>\n3.1. Paslaug\u0173 teik\u0117jas be jokio i\u0161ankstinio \u012fsp\u0117jimo ir atsakomyb\u0117s gali keisti svetain\u0117s turin\u012f, \u012fskaitant kainas ir \u012fkainius, prekybin\u0119 informacij\u0105 ar kitus dokumentus tiek, kiek \u0161ie veiksmai \u017eenkliai nepaveikia preki\u0173 ar gamini\u0173 kokyb\u0117s.<br \/>\n3.2. Visi gaminiai su individualia spauda yra spausdinami rankiniu b\u016bdu. Tuo pa\u017eymima, kad Paslaug\u0173 teik\u0117jas stengsis laikytis u\u017esakyme numatyt\u0173 spalv\u0173, stiliaus ir spaudos viet\u0173 ant gaminio, ta\u010diau Paslaug\u0173 teik\u0117jas negali garantuoti tikslaus matavim\u0173 atitikimo.<br \/>\n4. Kaina<br \/>\n4.1. Visos Paslaug\u0173 teik\u0117jo svetain\u0117je nurodytos kainos yra Eurais ne\u012fskaitant pristatymo (siuntimo) ka\u0161t\u0173, i\u0161skyrus gamini\u0173 kainas u\u017esakymuose, kur iliustruojamos vieneto ir pristatymo b\u016bdo, mok\u0117jimo b\u016bdo pasirinkimo ka\u0161tai. \u0160ie ka\u0161tai yra orientaciniai ir nurodomi u\u017esakovui prie\u0161 patvirtinant u\u017esakym\u0105.<br \/>\n4.2. Paslaug\u0173 teik\u0117jas bet kuriuo momentu prie\u0161 spausdinant turi teis\u0119 padidinti u\u017esakymo ar pristatymo kain\u0105 d\u0117l papildom\u0173 paslaug\u0173, u\u017esakymo specifikos, nenumatytos m\u016bs\u0173 svetain\u0117je ar d\u0117l veiksni\u0173, kuri\u0173 negalima kontroliuoti. Paslaug\u0173 teik\u0117jas prie\u0161 pradedant gamyb\u0105 ir spaud\u0105 visada taikys su u\u017esakovu suderintas kainas.<br \/>\n4.3. U\u017eklausos d\u0117l kain\u0173 galioja 30 dien\u0173. U\u017eklausa yra atskiras susitarimas tarp Paslaug\u0173 teik\u0117jo ir U\u017esakovo ir \u0161iam susitarimui negalioja jokios svetain\u0117je reklamuojamos nuolaidos ar skelbiamos b\u016bsimos akcijos.<br \/>\n5. Atsiskaitymas<br \/>\n5.1. U\u017esakovas turi apmok\u0117ti u\u017e prekes ir paslaugas prie\u0161 spausdinim\u0105 ir siuntim\u0105, nebent kitaip susitarta ra\u0161tu tarp Paslaug\u0173 teik\u0117jas ir u\u017esakovo.<br \/>\n5.2. U\u017esakovas gali pasirinkti atsiskaityti vienu i\u0161 svetain\u0117je nurodytu b\u016bdu prie\u0161 patvirtinant u\u017esakym\u0105. Bet kuriuo atveju, u\u017esakytos prek\u0117s ir paslaugos bei spausdinimas pradedami tik Paslaug\u0173 teik\u0117jui patvirtinus u\u017esakym\u0105, suderinus gamybos kainas, u\u017esakymo atsi\u0117mimo ir apmok\u0117jimo b\u016bd\u0105 su U\u017esakovu, suderinus terminus ar gavus i\u0161ankstin\u012f apmok\u0117jim\u0105.<br \/>\n6. At\u0161aukimas ir gra\u017einimas<br \/>\n6.1. Jokios prek\u0117s ir gaminiai neparduodami u\u017esakovui pardavimo ir gr\u0105\u017einimo pagrindu, jei jie su spauda pagal U\u017esakovo nurodytas specifikacijas ir yra kaip individualus u\u017esakymas.<br \/>\n6.2.  U\u017esakovas neturi teis\u0117s atsisakyti ar gr\u0105\u017einti prekes be Paslaug\u0173 teik\u0117jas sutikimo. Jei gaminiai yra individual\u016bs, tai yra: \u201etiekiamos prek\u0117s pagamintos pagal vartotojo nurodytas specifikacijas arba ai\u0161kiai pritaikytos jo asmenin\u0117ms reikm\u0117ms\u201c, vadovaujantis civiliniu kodeksu, EU parlamento ir EU tarybos direktyva 2011\/83\/ES (2011 m. Spalio 25 d.) d\u0117l vartotoj\u0173 teisi\u0173, preki\u0173 gr\u0105\u017einimas ar pakeitimas nenumatomas ir gr\u0105\u017einimo terminai netaikomi.<br \/>\n6.3. Personalizuoti pagal Pirk\u0117jo specialius nurodymus individual\u016bs gaminiai ar drabu\u017eiai negali b\u016bti gr\u0105\u017einti ar pakeisti, jei u\u017esakymo metu u\u017esakovas pasirinkto neteising\u0105 dyd\u012f, model\u012f, spalv\u0105 ir pan. \u0160iuo atveju j\u016bs\u0173 vartotojo teis\u0117s n\u0117ra pa\u017eeid\u017eiamos.<br \/>\n6.4. Paslaug\u0173 teik\u0117jas pasilieka teis\u0119 nedelsiant at\u0161aukti u\u017esakymus ir gr\u0105\u017einti apmok\u0117jimus jei Paslaug\u0173 teik\u0117jas mano, kad vaizdai yra saugomi autorini\u0173 teis\u0173 arba kelia pagr\u012fst\u0105 susir\u016bpinim\u0105, kad vaizd\u0173 turinys gali pa\u017eeisti galiojn\u010dius teis\u0117s aktus ar kenkti Paslaug\u0173 teik\u0117jo reputacijai.<br \/>\n7. Pakeitimai<br \/>\nPaslaug\u0173 teik\u0117jas pra\u0161omus pakeitimus ir paderinimus u\u017esakymuose daro laiku ir kaip \u012fmanoma grei\u010diau. Ta\u010diau, jei pakeitimo u\u017eklausa gauta per v\u0117lai (jei u\u017esakymas buvo patvirtintas) ir gaminys su spauda jau pagamintas, Paslaug\u0173 teik\u0117jas neprisiima atsakomyb\u0117s ir perspausdinimo ar kit\u0173 gaminio perdarymo ka\u0161t\u0173.<br \/>\n8. Pristatymas<br \/>\nBet kokie nurodyti atlikimo, siuntimo ar pristatymo terminai yra orientaciniai. Paslaug\u0173 teik\u0117jas neatsako u\u017e pristatymo terminus, jei atlikus u\u017esakym\u0105 sutartu laiku, u\u017esakym\u0105 galite pasirinkti atsiimti biure. Jei siuntinys jau buvo i\u0161si\u0173stas u\u017esakovo nurodytu adresu, Paslaug\u0173 teik\u0117jas neatsakingas u\u017e v\u0117luojan\u010dias siuntas, jei jos jau buvo i\u0161si\u0173stos ar perduotos kurjeriui. Tuo pa\u017eymima, kad pav\u0117luotas pristatymas nekompensuojamas bei d\u0117l individuali\u0173 gamini\u0173 pagal u\u017esakym\u0105 specifikos, apmok\u0117jimas u\u017e gaminius negr\u0105\u017einamas. Negavus u\u017esakymo siuntinio per 7 dienas nuo i\u0161siuntimo datos, u\u017esakovas turi prane\u0161ti Paslaug\u0173 teik\u0117jas el. pa\u0161tu. U\u017edelsus ir laiku neprane\u0161us \u0161iuo laikotarpiu, Paslaug\u0173 teik\u0117jas neprisiima jokios atsakomyb\u0117s d\u0117l gamini\u0173 pristatymo\/gavimo.<br \/>\n9. Pristatymo kaina<br \/>\nPristatymo kainos, nurodytos svetain\u0117je apima pa\u0161to, pa\u0161tomato ar kurjerio paslaugas Lietuvos teritorijoje ir yra orientacin\u0117s. U\u017esakymo patvirtinime kainos yra orientacin\u0117s ir skirtos iliustruoti u\u017esakymo ir pasirinkto pristatymo b\u016bdo kainas. Priklausomai nuo pristatymo adreso, pasirinkto pristatymo b\u016bdo, didesnio ar ma\u017eesnio viso u\u017esakymo apimties ir svorio, pristatymo kainos yra derinamos ir tvirtinamos su u\u017esakovu atskirai.<br \/>\n10. Siuntimas \u012f u\u017esien\u012f<br \/>\nPristatymas ir siuntimas \u012f u\u017esien\u012f derinamas prie\u0161 u\u017esakovui patvirtinant u\u017esakym\u0105 ir apmok\u0117jim\u0105. Persiuntimo kaina priklauso nuo gav\u0117jo adreso, u\u017esakymo apimties, turinio ir svorio.<br \/>\n11. Pa\u017eeisti gaminiai<br \/>\n11.1. Apie pa\u017eeistus gaminius turi b\u016bti prane\u0161ta Paslaug\u0173 teik\u0117jui el. pa\u0161tu per 48 valandas nuo siuntos gavimo. Praleidus \u0161\u0173 termin\u0105 Paslaug\u0173 teik\u0117jas neprisiima atsakomyb\u0117s ir negal\u0117s pagelb\u0117ti kompensuojant nuostolius.<br \/>\n11.2. Kompensacijos priklauso nuo Paslaug\u0173 teik\u0117jo sprendimo. Kompensacija ar pakeitimas nebus pasi\u016blytas jei, pavyzd\u017eiui, d\u0117l u\u017esakovo pateikto prastos vaizdo ir spalv\u0173 kokyb\u0117s vaizdas jau buvo atspausdintas ant gaminio.<br \/>\n12. Spalvos ir atitikimas<br \/>\n12.1. Paslaug\u0173 teik\u0117jas stengsis, kad dyd\u017eiai ir spalvos kaip \u012fmanoma labiau atitikt\u0173 numatytas. Tikslus dyd\u017ei\u0173 ir spalv\u0173 atitikimas ant skirting\u0173 gamini\u0173 ir skirtingos tekst\u016bros pavir\u0161i\u0173 ne visada yra \u012fmanomas ir Paslaug\u0173 teik\u0117jas negali garantuoti tikslaus spalv\u0173 atitikimo.  \u0160iuo pagrindu u\u017esakovas neturi teis\u0117s atsisakyti ar gr\u0105\u017einti gamini\u0173.<br \/>\n12.2. U\u017esakovas turi tur\u0117ti omenyje tam tikr\u0105 spalv\u0173 ir dyd\u017ei\u0173 neatitikim\u0105. U\u017esakant pakartotinai ar didesni\u0173 kieki\u0173 to paties dizaino gaminiams. Paslaug\u0173 teik\u0117jas rekomenduoja, jei \u012fmanoma, u\u017esakyti bandom\u0105j\u012f gamin\u012f. U\u017esakovas i\u0161vengs didelio spalv\u0173 neatitikimo rizikos.<br \/>\n12.3. Visi gaminiai spausdinami skaitmenine technika, bet ant kiekvieno gaminio rankiniu b\u016bdu ir Paslaug\u0173 teik\u0117jas stengsis, kad spalvos, stilius ir spaudos vieta kaip \u012fmanoma labiau atitikt\u0173 suderint\u0105 pavyzd\u012f, ta\u010diau, Paslaug\u0173 teik\u0117jas negali garantuoti tikslaus atitikimo.<br \/>\n13. Vaizdai<br \/>\n13.1. Paslaug\u0173 teik\u0117jas neprisiima atsakomyb\u0117s u\u017e atsi\u0173st\u0173\/kitaip pateikt\u0173 fail\u0173 su vaizdais kokyb\u0119.<br \/>\n13.2. Licencijuoti ar autoriniai vaizdai, logotipai, prekiniai \u017eenklai U\u017esakov\u0173 netur\u0117t\u0173 b\u016bti siun\u010diami ar kitaip pateikiami spaudai \u012f Paslaug\u0173 teik\u0117jas be savinink\u0173 sutikimo.<br \/>\n13.3. Paslaug\u0173 teik\u0117jas negali b\u016bti atsakingu d\u0117l bet koki\u0173 toki\u0173 tre\u010di\u0173 \u0161ali\u0173 pretenzij\u0173 arba i\u0161laid\u0173, atsiradusi\u0173 pagal klient\u0173 nurodymus pateikt\u0173 spausdinti vaizd\u0173. Bet kokias papildomas i\u0161laidas, atsiradusias d\u0117l \u0161ios s\u0105lygos nesilaikymo, padengia U\u017esakovas.<br \/>\n14. Dizaino paslaugos<br \/>\n14.1. Paslaug\u0173 teik\u0117jas dizaino paslaugos svetain\u0117je suteikia u\u017esakovui galimyb\u0119 pamatyti savo vaizd\u0105 ant m\u016bs\u0173 gaminio ruo\u0161inio ir yra tik gair\u0117s. Gav\u0119 u\u017esakym\u0105 Paslaug\u0173 teik\u0117jo specialistai suderins, sutvarkys ar parinks reikiamus elementus taip, kad gautume kuo optimalesn\u012f ir kokybi\u0161kesn\u012f spaudos vaizd\u0105.<br \/>\n14.2. Paslaug\u0173 teik\u0117jas neprisiima atsakomyb\u0117s d\u0117l prastos atsi\u0173st\u0173 mums vaizd\u0173 kokyb\u0117s ir apie tai stengsis informuoti u\u017esakov\u0105. Informuojame, jog kuo didesn\u0117 vaizdo kokyb\u0117, tuo bus geresn\u0117 spauda.<br \/>\n15. Klaidos<br \/>\n15.1. Paslaug\u0173 teik\u0117jas neprisiima atsakomyb\u0117s d\u0117l u\u017esakovo pateikt\u0173 tekst\u0173 gramatini\u0173 klaid\u0173 ar klaid\u0173 \u012fvedant tekstus dizaino skiltyje ir pateikiant u\u017esakym\u0105 ir nederinant el. pa\u0161tu.<br \/>\n15.2. Paslaug\u0173 teik\u0117jas neprisiima atsakomyb\u0117s d\u0117l klaid\u0173 u\u017esakymuose jei spaudos dizaino pavyzdys U\u017esakovo jau buvo patvirtintas el. pa\u0161tu.<br \/>\n16. Svetain\u0117s atsakomyb\u0117<br \/>\nPaslaug\u0173 teik\u0117jas stengiasi apsaugoti svetain\u0119 ir siun\u010diamus el. lai\u0161kus nuo virus\u0173 ar kit\u0173 pana\u0161i\u0173 negerybi\u0173, ta\u010diau Paslaug\u0173 teik\u0117jas neprisiima atsakomyb\u0117s jei klientas ar svetain\u0117s lankytojas patirs bet koki\u0173 destruktyvi\u0173 pasekmi\u0173 apsilank\u0119s m\u016bs\u0173 svetain\u0117je.<br \/>\n17. Force Majeure<br \/>\nPaslaug\u0173 teik\u0117jas negali b\u016bti atsakingas klientui arba b\u016bti laikomas pa\u017eeid\u017eiantis \u0161i\u0105 pirkimo-pardavimo sutart\u012f d\u0117l bet kokios v\u0117lavimo, nevykdymo, joki\u0173 Paslaug\u0173 teik\u0117jas  \u012fsipareigojim\u0173, susijusi\u0173 su u\u017esakymu ir tomis prek\u0117mis, jeigu v\u0117lavimas arba praradimai atsirado d\u0117l bet koki\u0173 prie\u017eas\u010di\u0173, kuri\u0173 Paslaug\u0173 teik\u0117jas pagr\u012fstai negali kontroliuoti.<br \/>\n18. Jurisdikcija<br \/>\nBet kokia sutartis, sudaryta pagal \u0161ias pardavimo taisykles ir s\u0105lygas, turi b\u016bti ai\u0161kinamos ir taikomos pagal Lietuvos Respublikoje galiojan\u010dius \u012fstatymus.<br \/>\nJei turite pra\u0161ym\u0173 d\u0117l asmens duomen\u0173 tvarkymo ar nusiskundim\u0173, kreipkit\u0117s \u012f mus el. pa\u0161to adresu info@spauda123.lt<\/p>\n","protected":false},"excerpt":{"rendered":"<p>Taisykl\u0117s ir s\u0105lygos 1. U\u017esakym\u0173 pri\u0117mimas U\u017esakymai \u0161ioje svetain\u0117je, tarp MB Spauda 123 (toliau \u2013 Paslaug\u0173 teik\u0117jas) ir U\u017esakovo yra priimami vadovaujantis \u0161iomis taisykl\u0117mis. U\u017esakovo atsakomyb\u0117 yra perskaityti \u0161ias taisykles ir s\u0105lygas prie\u0161 darant bet kokias transakcijas. 2. I\u0161skirtinumas \u0160ios Paslaug\u0173 teik\u0117jo taisykl\u0117s galioja visais su paslaug\u0173 teikimu susijusias atvejais, nebent tarp U\u017esakovo ir Paslaug\u0173 [&hellip;]<\/p>\n","protected":false},"author":1,"featured_media":0,"parent":0,"menu_order":0,"comment_status":"closed","ping_status":"closed","template":"","meta":{"_acf_changed":false,"footnotes":""},"class_list":["post-677","page","type-page","status-publish","hentry","entry","owp-thumbs-layout-horizontal","owp-btn-normal","owp-tabs-layout-vertical","has-no-thumbnails","has-product-nav"],"acf":[],"_links":{"self":[{"href":"https:\/\/www.spauda123.lt\/index.php?rest_route=\/wp\/v2\/pages\/677","targetHints":{"allow":["GET"]}}],"collection":[{"href":"https:\/\/www.spauda123.lt\/index.php?rest_route=\/wp\/v2\/pages"}],"about":[{"href":"https:\/\/www.spauda123.lt\/index.php?rest_route=\/wp\/v2\/types\/page"}],"author":[{"embeddable":true,"href":"https:\/\/www.spauda123.lt\/index.php?rest_route=\/wp\/v2\/users\/1"}],"replies":[{"embeddable":true,"href":"https:\/\/www.spauda123.lt\/index.php?rest_route=%2Fwp%2Fv2%2Fcomments&post=677"}],"version-history":[{"count":1,"href":"https:\/\/www.spauda123.lt\/index.php?rest_route=\/wp\/v2\/pages\/677\/revisions"}],"predecessor-version":[{"id":678,"href":"https:\/\/www.spauda123.lt\/index.php?rest_route=\/wp\/v2\/pages\/677\/revisions\/678"}],"wp:attachment":[{"href":"https:\/\/www.spauda123.lt\/index.php?rest_route=%2Fwp%2Fv2%2Fmedia&parent=677"}],"curies":[{"name":"wp","href":"https:\/\/api.w.org\/{rel}","templated":true}]}}