{"id":674,"date":"2024-10-08T04:49:25","date_gmt":"2024-10-08T04:49:25","guid":{"rendered":"https:\/\/www.spauda123.lt\/?page_id=674"},"modified":"2024-10-08T04:50:46","modified_gmt":"2024-10-08T04:50:46","slug":"privatumo-politika","status":"publish","type":"page","link":"https:\/\/www.spauda123.lt\/?page_id=674","title":{"rendered":"Privatumo politika"},"content":{"rendered":"<p>Vykdydami veikl\u0105 laikom\u0117s LR Asmens duomen\u0173 teisin\u0117s apsaugos \u012fstatymo bei kit\u0173 teis\u0117s akt\u0173, reglamentuojan\u010di\u0173 duomen\u0173 rinkim\u0105 ir \u0161i\u0173 taisykli\u0173.<br \/>\nPaslaug\u0173 suteikimo tikslais kaupiami \u0161ie duomenys:<br \/>\nVardas, Pavard\u0117<br \/>\n&#8211;\tPristatymo adresas<br \/>\n&#8211;\tElektroninio pa\u0161to adresas<br \/>\n&#8211;\tMobiliojo telefono numeris<br \/>\n&#8211;\tVaizdai ir paveiksliukai gaunami i\u0161 J\u016bs\u0173 individualios spaudos gamybai.<br \/>\nNekaupiame joki\u0173 mok\u0117jimo duomen\u0173 ir ar kitos su mok\u0117jimais susijusios informacijos<br \/>\nJeigu norite, kad j\u016bs\u0173 atsi\u0173sti vaizdai\/asmeniniai duomenys b\u016bt\u0173 nedelsiant pa\u0161alinami i\u0161 sistemos, pra\u0161ome pa\u017eym\u0117ti tai komentare prie u\u017esakymo arba susisiekti el. pa\u0161tu: info@spauda123.lt .<br \/>\nVisa informacija yra saugoma 30 dien\u0173, saugiai ir tokia, kokia buvo suteikta. Pasibaigus 30 dien\u0173 terminui informacija yra pa\u0161alinama.<br \/>\nD\u0117l vis\u0173 su duomen\u0173 kaupimu susijusi\u0173 klausim\u0173 ar pageidavim\u0173  pra\u0161ome kreiptis elektroniniu pa\u0161tu: info@spauda123.lt<br \/>\nSiekdami u\u017etikrinti kokybi\u0161kas paslaugas bei svetain\u0117s tobulinimo tikslais naudojame steb\u0117senos priemon\u0119 Google Analytics. \u0160i priemon\u0117 n\u0117ra niekaip susijusi su J\u016bs\u0173 asmeniniais duomenimis.<br \/>\nInformacija gaunama naudojant slapukus (angl. cookies)<br \/>\nMes nesidaliname duomenimis su jokiomis kitomis \u012fmon\u0117mis ir organizacijomis bei tre\u010diosiomis \u0161alimis.<br \/>\nD\u0117l detalesn\u0117s informacijos kit\u0173 su privatumo politika susijusi\u0173 klusim\u0173 pra\u0161ome susisiekti elektroniniu pa\u0161tu info@spauda123.lt<br \/>\n.<br \/>\nMB Spauda 123<br \/>\n\u012em. k. 306710526<br \/>\nAdresas: Taikos pr. 98, Kaunas  <\/p>\n","protected":false},"excerpt":{"rendered":"<p>Vykdydami veikl\u0105 laikom\u0117s LR Asmens duomen\u0173 teisin\u0117s apsaugos \u012fstatymo bei kit\u0173 teis\u0117s akt\u0173, reglamentuojan\u010di\u0173 duomen\u0173 rinkim\u0105 ir \u0161i\u0173 taisykli\u0173. Paslaug\u0173 suteikimo tikslais kaupiami \u0161ie duomenys: Vardas, Pavard\u0117 &#8211; Pristatymo adresas &#8211; Elektroninio pa\u0161to adresas &#8211; Mobiliojo telefono numeris &#8211; Vaizdai ir paveiksliukai gaunami i\u0161 J\u016bs\u0173 individualios spaudos gamybai. Nekaupiame joki\u0173 mok\u0117jimo duomen\u0173 ir ar kitos [&hellip;]<\/p>\n","protected":false},"author":1,"featured_media":0,"parent":0,"menu_order":0,"comment_status":"closed","ping_status":"closed","template":"","meta":{"_acf_changed":false,"footnotes":""},"class_list":["post-674","page","type-page","status-publish","hentry","entry","owp-thumbs-layout-horizontal","owp-btn-normal","owp-tabs-layout-vertical","has-no-thumbnails","has-product-nav"],"acf":[],"_links":{"self":[{"href":"https:\/\/www.spauda123.lt\/index.php?rest_route=\/wp\/v2\/pages\/674","targetHints":{"allow":["GET"]}}],"collection":[{"href":"https:\/\/www.spauda123.lt\/index.php?rest_route=\/wp\/v2\/pages"}],"about":[{"href":"https:\/\/www.spauda123.lt\/index.php?rest_route=\/wp\/v2\/types\/page"}],"author":[{"embeddable":true,"href":"https:\/\/www.spauda123.lt\/index.php?rest_route=\/wp\/v2\/users\/1"}],"replies":[{"embeddable":true,"href":"https:\/\/www.spauda123.lt\/index.php?rest_route=%2Fwp%2Fv2%2Fcomments&post=674"}],"version-history":[{"count":2,"href":"https:\/\/www.spauda123.lt\/index.php?rest_route=\/wp\/v2\/pages\/674\/revisions"}],"predecessor-version":[{"id":676,"href":"https:\/\/www.spauda123.lt\/index.php?rest_route=\/wp\/v2\/pages\/674\/revisions\/676"}],"wp:attachment":[{"href":"https:\/\/www.spauda123.lt\/index.php?rest_route=%2Fwp%2Fv2%2Fmedia&parent=674"}],"curies":[{"name":"wp","href":"https:\/\/api.w.org\/{rel}","templated":true}]}}